{"id":26166,"date":"2024-06-12T08:27:10","date_gmt":"2024-06-12T08:27:10","guid":{"rendered":"https:\/\/mmatiasovic.vet\/discuss-a-case\/"},"modified":"2026-03-09T20:04:42","modified_gmt":"2026-03-09T20:04:42","slug":"discuss-a-case","status":"publish","type":"page","link":"https:\/\/mmatiasovic.vet\/en\/discuss-a-case\/","title":{"rendered":"Discuss a case"},"content":{"rendered":"<p>[et_pb_section fb_built=&#8221;1&#8243; admin_label=&#8221;Services&#8221; _builder_version=&#8221;4.27.0&#8243; background_color=&#8221;#f3e5da&#8221; custom_padding=&#8221;100px|0px|100px|0px|true|false&#8221; border_radii=&#8221;off||||&#8221; global_colors_info=&#8221;{}&#8221;][et_pb_row _builder_version=&#8221;4.24.2&#8243; _module_preset=&#8221;default&#8221; min_height=&#8221;150px&#8221; height=&#8221;150px&#8221; max_height=&#8221;150px&#8221; global_colors_info=&#8221;{}&#8221;][et_pb_column type=&#8221;4_4&#8243; _builder_version=&#8221;4.24.2&#8243; _module_preset=&#8221;default&#8221; global_colors_info=&#8221;{}&#8221;][et_pb_text _builder_version=&#8221;4.27.0&#8243; _module_preset=&#8221;default&#8221; text_font=&#8221;Montserrat|700|||||||&#8221; text_text_color=&#8221;#003399&#8243; text_font_size=&#8221;28px&#8221; text_line_height=&#8221;1.2em&#8221; text_text_color_tablet=&#8221;&#8221; text_text_color_phone=&#8221;&#8221; text_text_color_last_edited=&#8221;on|phone&#8221; text_font_size_tablet=&#8221;&#8221; text_font_size_phone=&#8221;22px&#8221; text_font_size_last_edited=&#8221;on|desktop&#8221; global_colors_info=&#8221;{}&#8221;]<\/p>\n<p style=\"text-align: center;\">Refer a case<\/p>\n<p>[\/et_pb_text][\/et_pb_column][\/et_pb_row][et_pb_row _builder_version=&#8221;4.16&#8243; global_colors_info=&#8221;{}&#8221;][et_pb_column type=&#8221;4_4&#8243; _builder_version=&#8221;4.16&#8243; custom_padding=&#8221;|||&#8221; global_colors_info=&#8221;{}&#8221; custom_padding__hover=&#8221;|||&#8221;][et_pb_text _builder_version=&#8221;4.27.0&#8243; _module_preset=&#8221;default&#8221; text_font=&#8221;Montserrat|300|||||||&#8221; text_text_color=&#8221;#003399&#8243; text_font_size=&#8221;16px&#8221; text_line_height=&#8221;1.6em&#8221; header_3_font=&#8221;|700|||||||&#8221; header_3_text_color=&#8221;#003399&#8243; header_3_font_size=&#8221;16px&#8221; background_color=&#8221;#FFFFFF&#8221; width=&#8221;100%&#8221; custom_margin=&#8221;0px||0px|0px|false|false&#8221; custom_padding=&#8221;25px|25px|25px|25px|false|false&#8221; text_font_size_tablet=&#8221;50px&#8221; text_font_size_phone=&#8221;12px&#8221; text_font_size_last_edited=&#8221;on|phone&#8221; global_colors_info=&#8221;{}&#8221;]<\/p>\n<p style=\"text-align: center;\">If you\u2019re a pet owner and would like your pet to be referred please contact your regular veterinarian to discuss a referral or second opinion. We will be happy to look after your pet and organise a consultation. <\/p>\n<p style=\"text-align: center;\">If you\u2019re a veterinarian and would like to refer or discuss a case please do not hesisate to contact us. Patients can be operated directly in your clinic, or at the Clinique V\u00e9t\u00e9rinaire Del\u00e9mont in Jura. <\/p>\n<p style=\"text-align: center;\">Referral information \u2013 to discuss, seek second opinion or refer a patient please do not hesitate to contact us on contact@mmatiasovic.vet. Thereafter we can organize a client consultation, patient examination or surgery, as indicated. <\/p>\n<p>[\/et_pb_text][et_pb_button button_url=&#8221;mailto:contact@mmatiasovic.vet&#8221; button_text=&#8221;E-mail&#8221; button_alignment=&#8221;center&#8221; _builder_version=&#8221;4.27.0&#8243; _module_preset=&#8221;default&#8221; custom_button=&#8221;on&#8221; button_text_size=&#8221;20px&#8221; button_text_color=&#8221;#FFFFFF&#8221; button_bg_color=&#8221;#003399&#8243; button_border_width=&#8221;0px&#8221; button_border_radius=&#8221;0px&#8221; button_font=&#8221;Montserrat|600|||||||&#8221; custom_margin=&#8221;50px||0px||false|false&#8221; global_colors_info=&#8221;{}&#8221;][\/et_pb_button][\/et_pb_column][\/et_pb_row][\/et_pb_section]<\/p>\n","protected":false},"excerpt":{"rendered":"<p>Refer a caseIf you\u2019re a pet owner and would like your pet to be referred please contact your regular veterinarian to discuss a referral or second opinion. We will be happy to look after your pet and organise a consultation. If you\u2019re a veterinarian and would like to refer or discuss a case please do not hesisate to contact us. Patients can be operated directly in your clinic, or at the Clinique V\u00e9t\u00e9rinaire Del\u00e9mont in Jura. Referral information \u2013 to discuss, seek second opinion or refer a patient please do not hesitate to contact us on contact@mmatiasovic.vet. Thereafter we can organize a client consultation, patient examination or surgery, as indicated.<\/p>\n","protected":false},"author":2,"featured_media":0,"parent":0,"menu_order":0,"comment_status":"closed","ping_status":"closed","template":"","meta":{"_et_pb_use_builder":"on","_et_pb_old_content":"","_et_gb_content_width":"","footnotes":""},"class_list":["post-26166","page","type-page","status-publish","hentry"],"_links":{"self":[{"href":"https:\/\/mmatiasovic.vet\/en\/wp-json\/wp\/v2\/pages\/26166","targetHints":{"allow":["GET"]}}],"collection":[{"href":"https:\/\/mmatiasovic.vet\/en\/wp-json\/wp\/v2\/pages"}],"about":[{"href":"https:\/\/mmatiasovic.vet\/en\/wp-json\/wp\/v2\/types\/page"}],"author":[{"embeddable":true,"href":"https:\/\/mmatiasovic.vet\/en\/wp-json\/wp\/v2\/users\/2"}],"replies":[{"embeddable":true,"href":"https:\/\/mmatiasovic.vet\/en\/wp-json\/wp\/v2\/comments?post=26166"}],"version-history":[{"count":2,"href":"https:\/\/mmatiasovic.vet\/en\/wp-json\/wp\/v2\/pages\/26166\/revisions"}],"predecessor-version":[{"id":26168,"href":"https:\/\/mmatiasovic.vet\/en\/wp-json\/wp\/v2\/pages\/26166\/revisions\/26168"}],"wp:attachment":[{"href":"https:\/\/mmatiasovic.vet\/en\/wp-json\/wp\/v2\/media?parent=26166"}],"curies":[{"name":"wp","href":"https:\/\/api.w.org\/{rel}","templated":true}]}}